{"id":1413,"date":"2025-06-13T09:22:28","date_gmt":"2025-06-13T07:22:28","guid":{"rendered":"https:\/\/www.skarilog.fi\/?page_id=1413"},"modified":"2025-06-17T09:24:06","modified_gmt":"2025-06-17T07:24:06","slug":"welcome-to-nauvo-harbour-2","status":"publish","type":"page","link":"https:\/\/www.skarilog.fi\/en\/harbour-displays\/welcome-to-nauvo-harbour-2\/","title":{"rendered":"Welcome to Taalintehdas!"},"content":{"rendered":"<p>[et_pb_section fb_built=&#8221;1&#8243; _builder_version=&#8221;4.27.4&#8243; _module_preset=&#8221;default&#8221; background_color=&#8221;#5FA6E3&#8243; custom_margin=&#8221;0px|0px|0px|0px|false|false&#8221; custom_padding=&#8221;0px|0px|0px|0px|false|false&#8221; global_colors_info=&#8221;{}&#8221; theme_builder_area=&#8221;post_content&#8221;][et_pb_row column_structure=&#8221;2_5,3_5&#8243; custom_padding_last_edited=&#8221;on|phone&#8221; admin_label=&#8221;liikennetiedot -row&#8221; module_id=&#8221;liikennetiedot&#8221; _builder_version=&#8221;4.27.4&#8243; _module_preset=&#8221;default&#8221; max_width=&#8221;2000px&#8221; custom_padding=&#8221;|50px||50px|false|false&#8221; custom_padding_tablet=&#8221;|50px||50px|false|false&#8221; custom_padding_phone=&#8221;|0px||0px|false|false&#8221; global_colors_info=&#8221;{}&#8221; theme_builder_area=&#8221;post_content&#8221;][et_pb_column type=&#8221;2_5&#8243; _builder_version=&#8221;4.27.4&#8243; _module_preset=&#8221;default&#8221; global_colors_info=&#8221;{}&#8221; theme_builder_area=&#8221;post_content&#8221;][et_pb_text admin_label=&#8221;pys\u00e4kkitiedot -title&#8221; _builder_version=&#8221;4.27.4&#8243; _module_preset=&#8221;default&#8221; link_font=&#8221;|300|||||||&#8221; link_text_color=&#8221;#FFFFFF&#8221; custom_margin_tablet=&#8221;&#8221; custom_margin_phone=&#8221;|0px||0px|false|false&#8221; custom_margin_last_edited=&#8221;on|phone&#8221; custom_padding_tablet=&#8221;&#8221; custom_padding_phone=&#8221;|0px||0px|false|false&#8221; custom_padding_last_edited=&#8221;on|phone&#8221; global_colors_info=&#8221;{}&#8221; theme_builder_area=&#8221;post_content&#8221;]<\/p>\n<h3>Next <br \/>departures<\/h3>\n<p>[\/et_pb_text][et_pb_text admin_label=&#8221;pys\u00e4\u00e4kkitiedot -iframe&#8221; _builder_version=&#8221;4.27.4&#8243; _module_preset=&#8221;default&#8221; hover_enabled=&#8221;0&#8243; global_colors_info=&#8221;{}&#8221; theme_builder_area=&#8221;post_content&#8221; sticky_enabled=&#8221;0&#8243;]<\/p>\n<p><iframe loading=\"lazy\" src=\"https:\/\/matkamonitori.digitransit.fi\/view?cont=+r-SH4PYkCAayRsRcp94uw==\" width=\"1080\" height=\"700\" style=\"border-radius: 50px;\"><\/p>\n<p><\/iframe><\/p>\n<p>[\/et_pb_text][\/et_pb_column][et_pb_column type=&#8221;3_5&#8243; _builder_version=&#8221;4.27.4&#8243; _module_preset=&#8221;default&#8221; global_colors_info=&#8221;{}&#8221; theme_builder_area=&#8221;post_content&#8221;][et_pb_text admin_label=&#8221;lauttalive -title&#8221; _builder_version=&#8221;4.27.4&#8243; _module_preset=&#8221;default&#8221; link_font=&#8221;|300|||||||&#8221; link_text_color=&#8221;#FFFFFF&#8221; custom_padding=&#8221;0px|||||&#8221; global_colors_info=&#8221;{}&#8221; theme_builder_area=&#8221;post_content&#8221;]<\/p>\n<h3>Follow the Taalintehdas and Kasn\u00e4s ferries on the map<\/h3>\n<p>[\/et_pb_text][et_pb_code admin_label=&#8221;Lauttalive -iframe&#8221; _builder_version=&#8221;4.27.4&#8243; _module_preset=&#8221;default&#8221; width=&#8221;100%&#8221; global_colors_info=&#8221;{}&#8221; theme_builder_area=&#8221;post_content&#8221;]<iframe loading=\"lazy\" src=\"https:\/\/satamanaytot-237851288567.europe-north1.run.app\/taalintehdas_kasnas\" width=\"700\" height=\"700\" style=\"width: 100%; margin: 0 auto; border-radius: 50px;\"><!-- [et_pb_line_break_holder] --><\/iframe>[\/et_pb_code][\/et_pb_column][\/et_pb_row][et_pb_row column_structure=&#8221;1_3,2_3&#8243; make_equal=&#8221;on&#8221; custom_padding_last_edited=&#8221;on|phone&#8221; admin_label=&#8221;scaribot-row&#8221; module_id=&#8221;skaribot&#8221; _builder_version=&#8221;4.27.4&#8243; _module_preset=&#8221;default&#8221; background_enable_color=&#8221;off&#8221; max_width=&#8221;100%&#8221; custom_margin=&#8221;90px|0px|50px|0px|false|false&#8221; custom_padding=&#8221;0px|50px|0px|50px|false|false&#8221; custom_padding_tablet=&#8221;0px|50px|0px|50px|false|false&#8221; custom_padding_phone=&#8221;|0px||0px|false|false&#8221; global_colors_info=&#8221;{}&#8221; theme_builder_area=&#8221;post_content&#8221;][et_pb_column type=&#8221;1_3&#8243; _builder_version=&#8221;4.27.4&#8243; _module_preset=&#8221;default&#8221; global_colors_info=&#8221;{}&#8221; theme_builder_area=&#8221;post_content&#8221;][et_pb_image src=&#8221;https:\/\/www.skarilog.fi\/wp-content\/uploads\/2025\/02\/skaribot-ikoni.svg&#8221; title_text=&#8221;scaribot icon&#8221; _builder_version=&#8221;4.27.4&#8243; _module_preset=&#8221;default&#8221; custom_margin=&#8221;||||false|false&#8221; global_colors_info=&#8221;{}&#8221; theme_builder_area=&#8221;post_content&#8221;][\/et_pb_image][\/et_pb_column][et_pb_column type=&#8221;2_3&#8243; _builder_version=&#8221;4.27.4&#8243; _module_preset=&#8221;default&#8221; global_colors_info=&#8221;{}&#8221; theme_builder_area=&#8221;post_content&#8221;][et_pb_text admin_label=&#8221;sk\u00e4ribot intro -text&#8221; _builder_version=&#8221;4.27.4&#8243; _module_preset=&#8221;default&#8221; header_font_size=&#8221;26px&#8221; header_3_font_size=&#8221;33px&#8221; header_3_line_height=&#8221;1.3em&#8221; global_colors_info=&#8221;{}&#8221; theme_builder_area=&#8221;post_content&#8221;]<\/p>\n<h3>The Sk\u00e4riBOT AI chat can help you with your <strong>traffic connections<\/strong>, <strong>events<\/strong> and <strong>services <\/strong>in the Kemi\u00f6nsaari, Parainen and archipelago areas.<\/h3>\n<p>[\/et_pb_text][et_pb_button button_text=&#8221;Tap the yellow bubble to the right to open Sk\u00e4riBOT&#8221; button_alignment_tablet=&#8221;&#8221; button_alignment_phone=&#8221;center&#8221; button_alignment_last_edited=&#8221;on|phone&#8221; _builder_version=&#8221;4.27.4&#8243; _module_preset=&#8221;default&#8221; button_text_size=&#8221;24px&#8221; button_text_color=&#8221;#FFEE48&#8243; button_border_width=&#8221;0px&#8221; button_border_radius=&#8221;0px&#8221; button_icon=&#8221;&#xf30b;||fa||900&#8243; button_icon_color=&#8221;#FFEE48&#8243; button_on_hover=&#8221;off&#8221; global_colors_info=&#8221;{}&#8221; theme_builder_area=&#8221;post_content&#8221;][\/et_pb_button][\/et_pb_column][\/et_pb_row][et_pb_row custom_padding_last_edited=&#8221;on|phone&#8221; admin_label=&#8221;tapahtumat row&#8221; module_id=&#8221;tapahtumat&#8221; _builder_version=&#8221;4.27.4&#8243; _module_preset=&#8221;default&#8221; max_width=&#8221;2000px&#8221; custom_padding=&#8221;|50px||50px|false|false&#8221; custom_padding_tablet=&#8221;&#8221; custom_padding_phone=&#8221;|0px||0px|false|false&#8221; global_colors_info=&#8221;{}&#8221; theme_builder_area=&#8221;post_content&#8221;][et_pb_column type=&#8221;4_4&#8243; _builder_version=&#8221;4.27.4&#8243; _module_preset=&#8221;default&#8221; global_colors_info=&#8221;{}&#8221; theme_builder_area=&#8221;post_content&#8221;][et_pb_text admin_label=&#8221;tapahtumat -title&#8221; _builder_version=&#8221;4.27.4&#8243; _module_preset=&#8221;default&#8221; link_font=&#8221;|300|||||||&#8221; link_text_color=&#8221;#FFFFFF&#8221; header_2_font_size=&#8221;16px&#8221; header_3_font_size_tablet=&#8221;&#8221; header_3_font_size_phone=&#8221;26px&#8221; header_3_font_size_last_edited=&#8221;on|phone&#8221; global_colors_info=&#8221;{}&#8221; theme_builder_area=&#8221;post_content&#8221;]<\/p>\n<h3 style=\"text-align: center;\">Upcoming events in Taalintehdas<\/h3>\n<p>[\/et_pb_text][et_pb_text admin_label=&#8221;tapahtumat -title&#8221; _builder_version=&#8221;4.27.4&#8243; _module_preset=&#8221;default&#8221; text_font_size=&#8221;23px&#8221; link_font=&#8221;|300|||||||&#8221; link_text_color=&#8221;#FFFFFF&#8221; header_2_font_size=&#8221;16px&#8221; header_3_font_size_tablet=&#8221;&#8221; header_3_font_size_phone=&#8221;26px&#8221; header_3_font_size_last_edited=&#8221;on|phone&#8221; global_colors_info=&#8221;{}&#8221; theme_builder_area=&#8221;post_content&#8221;]<\/p>\n<p style=\"text-align: center;\">For events in all areas of Kemi\u00f6nsaari, visit <span style=\"text-decoration: underline;\">evenemang.kimitoon.fi<\/span><\/p>\n<p>[\/et_pb_text][et_pb_text admin_label=&#8221;tapahtumawidget nauvon satama -script&#8221; _builder_version=&#8221;4.27.4&#8243; _module_preset=&#8221;default&#8221; link_font=&#8221;||||on|||#5FA6E3|&#8221; link_text_color=&#8221;#00274D&#8221; global_colors_info=&#8221;{}&#8221; theme_builder_area=&#8221;post_content&#8221;]<script type=\"text\/javascript\" src=\"https:\/\/evenemang.kimitoon.fi\/widget-loader\/684bd2af9362ae50b6a0010d\"><\/script><\/p>\n<div id=\"EVENTZWIDGET-684bd2af9362ae50b6a0010d\" class=\"EVENTZWIDGET\"><\/div>\n<p>[\/et_pb_text][\/et_pb_column][\/et_pb_row][et_pb_row custom_padding_last_edited=&#8221;on|phone&#8221; module_id=&#8221;kunnan-kartta&#8221; _builder_version=&#8221;4.27.4&#8243; _module_preset=&#8221;default&#8221; max_width=&#8221;2000px&#8221; custom_margin=&#8221;0px|0px|0px|0px|false|false&#8221; custom_padding=&#8221;0px|20px|0px|20px|false|false&#8221; custom_padding_tablet=&#8221;0px|20px|0px|20px|false|false&#8221; custom_padding_phone=&#8221;|0px||0px|false|false&#8221; global_colors_info=&#8221;{}&#8221; theme_builder_area=&#8221;post_content&#8221;][et_pb_column type=&#8221;4_4&#8243; _builder_version=&#8221;4.27.4&#8243; _module_preset=&#8221;default&#8221; global_colors_info=&#8221;{}&#8221; theme_builder_area=&#8221;post_content&#8221;][et_pb_text admin_label=&#8221;aktiviteettikartta -title&#8221; _builder_version=&#8221;4.27.4&#8243; _module_preset=&#8221;default&#8221; link_font=&#8221;|300|||||||&#8221; link_text_color=&#8221;#FFFFFF&#8221; header_2_font_size=&#8221;16px&#8221; header_3_font_size_tablet=&#8221;&#8221; header_3_font_size_phone=&#8221;26px&#8221; header_3_font_size_last_edited=&#8221;on|phone&#8221; global_colors_info=&#8221;{}&#8221; theme_builder_area=&#8221;post_content&#8221;]<\/p>\n<h3 style=\"text-align: center;\">The activity map of Kemi\u00f6nsaari<\/h3>\n<p>[\/et_pb_text][et_pb_code _builder_version=&#8221;4.27.4&#8243; _module_preset=&#8221;default&#8221; global_colors_info=&#8221;{}&#8221; theme_builder_area=&#8221;post_content&#8221;]<iframe src=\"https:\/\/map.kimitoon.fi\/\" style=\"width:100%; height: 800px\"><\/iframe>[\/et_pb_code][et_pb_text _builder_version=&#8221;4.27.4&#8243; _module_preset=&#8221;default&#8221; global_colors_info=&#8221;{}&#8221; theme_builder_area=&#8221;post_content&#8221;]<\/p>\n<p style=\"text-align: center;\"><a href=\"https:\/\/map.kimitoon.fi\/\" target=\"_blank\" rel=\"noopener\">Open map<\/a><\/p>\n<p>[\/et_pb_text][\/et_pb_column][\/et_pb_row][\/et_pb_section]<\/p>\n","protected":false},"excerpt":{"rendered":"<p>Next departures Follow the Taalintehdas and Kasn\u00e4s ferries on the mapThe Sk\u00e4riBOT AI chat can help you with your traffic connections, events and services in the Kemi\u00f6nsaari, Parainen and archipelago areas.Upcoming events in TaalintehdasFor events in all areas of Kemi\u00f6nsaari, visit evenemang.kimitoon.fiThe activity map of Kemi\u00f6nsaariOpen map<\/p>\n","protected":false},"author":2,"featured_media":0,"parent":1289,"menu_order":0,"comment_status":"closed","ping_status":"closed","template":"","meta":{"_et_pb_use_builder":"on","_et_pb_old_content":"","_et_gb_content_width":"","inline_featured_image":false,"_uag_custom_page_level_css":"","footnotes":""},"class_list":["post-1413","page","type-page","status-publish","hentry"],"yoast_head":"<!-- This site is optimized with the Yoast SEO plugin v26.2 - https:\/\/yoast.com\/wordpress\/plugins\/seo\/ -->\n<title>Welcome to Taalintehdas! - sk\u00e4riLOG<\/title>\n<meta name=\"robots\" content=\"noindex, follow\" \/>\n<meta property=\"og:locale\" content=\"en_US\" \/>\n<meta property=\"og:type\" content=\"article\" \/>\n<meta property=\"og:title\" content=\"Welcome to Taalintehdas! - sk\u00e4riLOG\" \/>\n<meta property=\"og:description\" content=\"Next departures Follow the Taalintehdas and Kasn\u00e4s ferries on the mapThe Sk\u00e4riBOT AI chat can help you with your traffic connections, events and services in the Kemi\u00f6nsaari, Parainen and archipelago areas.Upcoming events in TaalintehdasFor events in all areas of Kemi\u00f6nsaari, visit evenemang.kimitoon.fiThe activity map of Kemi\u00f6nsaariOpen map\" \/>\n<meta property=\"og:url\" content=\"https:\/\/www.skarilog.fi\/en\/harbour-displays\/welcome-to-nauvo-harbour-2\/\" \/>\n<meta property=\"og:site_name\" content=\"sk\u00e4riLOG\" \/>\n<meta property=\"article:modified_time\" content=\"2025-06-17T07:24:06+00:00\" \/>\n<meta name=\"twitter:card\" content=\"summary_large_image\" \/>\n<meta name=\"twitter:label1\" content=\"Est. reading time\" \/>\n\t<meta name=\"twitter:data1\" content=\"5 minutes\" \/>\n<script type=\"application\/ld+json\" class=\"yoast-schema-graph\">{\"@context\":\"https:\/\/schema.org\",\"@graph\":[{\"@type\":\"WebPage\",\"@id\":\"https:\/\/www.skarilog.fi\/en\/harbour-displays\/welcome-to-nauvo-harbour-2\/\",\"url\":\"https:\/\/www.skarilog.fi\/en\/harbour-displays\/welcome-to-nauvo-harbour-2\/\",\"name\":\"Welcome to Taalintehdas! - sk\u00e4riLOG\",\"isPartOf\":{\"@id\":\"https:\/\/www.skarilog.fi\/en\/#website\"},\"datePublished\":\"2025-06-13T07:22:28+00:00\",\"dateModified\":\"2025-06-17T07:24:06+00:00\",\"breadcrumb\":{\"@id\":\"https:\/\/www.skarilog.fi\/en\/harbour-displays\/welcome-to-nauvo-harbour-2\/#breadcrumb\"},\"inLanguage\":\"en-US\",\"potentialAction\":[{\"@type\":\"ReadAction\",\"target\":[\"https:\/\/www.skarilog.fi\/en\/harbour-displays\/welcome-to-nauvo-harbour-2\/\"]}]},{\"@type\":\"BreadcrumbList\",\"@id\":\"https:\/\/www.skarilog.fi\/en\/harbour-displays\/welcome-to-nauvo-harbour-2\/#breadcrumb\",\"itemListElement\":[{\"@type\":\"ListItem\",\"position\":1,\"name\":\"Home\",\"item\":\"https:\/\/www.skarilog.fi\/en\/\"},{\"@type\":\"ListItem\",\"position\":2,\"name\":\"Harbour displays\",\"item\":\"https:\/\/www.skarilog.fi\/en\/\"},{\"@type\":\"ListItem\",\"position\":3,\"name\":\"Welcome to Taalintehdas!\"}]},{\"@type\":\"WebSite\",\"@id\":\"https:\/\/www.skarilog.fi\/en\/#website\",\"url\":\"https:\/\/www.skarilog.fi\/en\/\",\"name\":\"sk\u00e4riLOG\",\"description\":\"Kemi\u00f6nsaaren ja Paraisten liikkumisen hakemisto\",\"publisher\":{\"@id\":\"https:\/\/www.skarilog.fi\/en\/#organization\"},\"potentialAction\":[{\"@type\":\"SearchAction\",\"target\":{\"@type\":\"EntryPoint\",\"urlTemplate\":\"https:\/\/www.skarilog.fi\/en\/?s={search_term_string}\"},\"query-input\":{\"@type\":\"PropertyValueSpecification\",\"valueRequired\":true,\"valueName\":\"search_term_string\"}}],\"inLanguage\":\"en-US\"},{\"@type\":\"Organization\",\"@id\":\"https:\/\/www.skarilog.fi\/en\/#organization\",\"name\":\"sk\u00e4riLOG\",\"url\":\"https:\/\/www.skarilog.fi\/en\/\",\"logo\":{\"@type\":\"ImageObject\",\"inLanguage\":\"en-US\",\"@id\":\"https:\/\/www.skarilog.fi\/en\/#\/schema\/logo\/image\/\",\"url\":\"https:\/\/www.skarilog.fi\/wp-content\/uploads\/2025\/02\/skarilog-v1.png\",\"contentUrl\":\"https:\/\/www.skarilog.fi\/wp-content\/uploads\/2025\/02\/skarilog-v1.png\",\"width\":654,\"height\":156,\"caption\":\"sk\u00e4riLOG\"},\"image\":{\"@id\":\"https:\/\/www.skarilog.fi\/en\/#\/schema\/logo\/image\/\"}}]}<\/script>\n<!-- \/ Yoast SEO plugin. -->","yoast_head_json":{"title":"Welcome to Taalintehdas! - sk\u00e4riLOG","robots":{"index":"noindex","follow":"follow"},"og_locale":"en_US","og_type":"article","og_title":"Welcome to Taalintehdas! - sk\u00e4riLOG","og_description":"Next departures Follow the Taalintehdas and Kasn\u00e4s ferries on the mapThe Sk\u00e4riBOT AI chat can help you with your traffic connections, events and services in the Kemi\u00f6nsaari, Parainen and archipelago areas.Upcoming events in TaalintehdasFor events in all areas of Kemi\u00f6nsaari, visit evenemang.kimitoon.fiThe activity map of Kemi\u00f6nsaariOpen map","og_url":"https:\/\/www.skarilog.fi\/en\/harbour-displays\/welcome-to-nauvo-harbour-2\/","og_site_name":"sk\u00e4riLOG","article_modified_time":"2025-06-17T07:24:06+00:00","twitter_card":"summary_large_image","twitter_misc":{"Est. reading time":"5 minutes"},"schema":{"@context":"https:\/\/schema.org","@graph":[{"@type":"WebPage","@id":"https:\/\/www.skarilog.fi\/en\/harbour-displays\/welcome-to-nauvo-harbour-2\/","url":"https:\/\/www.skarilog.fi\/en\/harbour-displays\/welcome-to-nauvo-harbour-2\/","name":"Welcome to Taalintehdas! - sk\u00e4riLOG","isPartOf":{"@id":"https:\/\/www.skarilog.fi\/en\/#website"},"datePublished":"2025-06-13T07:22:28+00:00","dateModified":"2025-06-17T07:24:06+00:00","breadcrumb":{"@id":"https:\/\/www.skarilog.fi\/en\/harbour-displays\/welcome-to-nauvo-harbour-2\/#breadcrumb"},"inLanguage":"en-US","potentialAction":[{"@type":"ReadAction","target":["https:\/\/www.skarilog.fi\/en\/harbour-displays\/welcome-to-nauvo-harbour-2\/"]}]},{"@type":"BreadcrumbList","@id":"https:\/\/www.skarilog.fi\/en\/harbour-displays\/welcome-to-nauvo-harbour-2\/#breadcrumb","itemListElement":[{"@type":"ListItem","position":1,"name":"Home","item":"https:\/\/www.skarilog.fi\/en\/"},{"@type":"ListItem","position":2,"name":"Harbour displays","item":"https:\/\/www.skarilog.fi\/en\/"},{"@type":"ListItem","position":3,"name":"Welcome to Taalintehdas!"}]},{"@type":"WebSite","@id":"https:\/\/www.skarilog.fi\/en\/#website","url":"https:\/\/www.skarilog.fi\/en\/","name":"sk\u00e4riLOG","description":"Kemi\u00f6nsaaren ja Paraisten liikkumisen hakemisto","publisher":{"@id":"https:\/\/www.skarilog.fi\/en\/#organization"},"potentialAction":[{"@type":"SearchAction","target":{"@type":"EntryPoint","urlTemplate":"https:\/\/www.skarilog.fi\/en\/?s={search_term_string}"},"query-input":{"@type":"PropertyValueSpecification","valueRequired":true,"valueName":"search_term_string"}}],"inLanguage":"en-US"},{"@type":"Organization","@id":"https:\/\/www.skarilog.fi\/en\/#organization","name":"sk\u00e4riLOG","url":"https:\/\/www.skarilog.fi\/en\/","logo":{"@type":"ImageObject","inLanguage":"en-US","@id":"https:\/\/www.skarilog.fi\/en\/#\/schema\/logo\/image\/","url":"https:\/\/www.skarilog.fi\/wp-content\/uploads\/2025\/02\/skarilog-v1.png","contentUrl":"https:\/\/www.skarilog.fi\/wp-content\/uploads\/2025\/02\/skarilog-v1.png","width":654,"height":156,"caption":"sk\u00e4riLOG"},"image":{"@id":"https:\/\/www.skarilog.fi\/en\/#\/schema\/logo\/image\/"}}]}},"uagb_featured_image_src":{"full":false,"thumbnail":false,"medium":false,"medium_large":false,"large":false,"1536x1536":false,"2048x2048":false,"et-pb-post-main-image":false,"et-pb-post-main-image-fullwidth":false,"et-pb-portfolio-image":false,"et-pb-portfolio-module-image":false,"et-pb-portfolio-image-single":false,"et-pb-gallery-module-image-portrait":false,"et-pb-post-main-image-fullwidth-large":false,"et-pb-image--responsive--desktop":false,"et-pb-image--responsive--tablet":false,"et-pb-image--responsive--phone":false},"uagb_author_info":{"display_name":"Julius Uusikyl\u00e4","author_link":"https:\/\/www.skarilog.fi\/en\/author\/julius\/"},"uagb_comment_info":0,"uagb_excerpt":"Next departures Follow the Taalintehdas and Kasn\u00e4s ferries on the mapThe Sk\u00e4riBOT AI chat can help you with your traffic connections, events and services in the Kemi\u00f6nsaari, Parainen and archipelago areas.Upcoming events in TaalintehdasFor events in all areas of Kemi\u00f6nsaari, visit evenemang.kimitoon.fiThe activity map of Kemi\u00f6nsaariOpen map","_links":{"self":[{"href":"https:\/\/www.skarilog.fi\/en\/wp-json\/wp\/v2\/pages\/1413","targetHints":{"allow":["GET"]}}],"collection":[{"href":"https:\/\/www.skarilog.fi\/en\/wp-json\/wp\/v2\/pages"}],"about":[{"href":"https:\/\/www.skarilog.fi\/en\/wp-json\/wp\/v2\/types\/page"}],"author":[{"embeddable":true,"href":"https:\/\/www.skarilog.fi\/en\/wp-json\/wp\/v2\/users\/2"}],"replies":[{"embeddable":true,"href":"https:\/\/www.skarilog.fi\/en\/wp-json\/wp\/v2\/comments?post=1413"}],"version-history":[{"count":9,"href":"https:\/\/www.skarilog.fi\/en\/wp-json\/wp\/v2\/pages\/1413\/revisions"}],"predecessor-version":[{"id":1598,"href":"https:\/\/www.skarilog.fi\/en\/wp-json\/wp\/v2\/pages\/1413\/revisions\/1598"}],"up":[{"embeddable":true,"href":"https:\/\/www.skarilog.fi\/en\/wp-json\/wp\/v2\/pages\/1289"}],"wp:attachment":[{"href":"https:\/\/www.skarilog.fi\/en\/wp-json\/wp\/v2\/media?parent=1413"}],"curies":[{"name":"wp","href":"https:\/\/api.w.org\/{rel}","templated":true}]}}