{"id":1545,"date":"2025-06-14T10:21:55","date_gmt":"2025-06-14T08:21:55","guid":{"rendered":"https:\/\/www.skarilog.fi\/?page_id=1545"},"modified":"2025-06-19T12:09:24","modified_gmt":"2025-06-19T10:09:24","slug":"welcome-to-nauvo-harbour-5","status":"publish","type":"page","link":"https:\/\/www.skarilog.fi\/en\/harbour-displays\/welcome-to-nauvo-harbour-5\/","title":{"rendered":"Welcome to Heponiemi!"},"content":{"rendered":"<p>[et_pb_section fb_built=&#8221;1&#8243; _builder_version=&#8221;4.27.4&#8243; _module_preset=&#8221;default&#8221; background_color=&#8221;#5FA6E3&#8243; custom_margin=&#8221;0px|0px|0px|0px|false|false&#8221; custom_padding=&#8221;0px|0px|0px|0px|false|false&#8221; global_colors_info=&#8221;{}&#8221; theme_builder_area=&#8221;post_content&#8221;][et_pb_row column_structure=&#8221;2_5,3_5&#8243; custom_padding_last_edited=&#8221;on|phone&#8221; admin_label=&#8221;liikennetiedot -row&#8221; module_id=&#8221;liikennetiedot&#8221; _builder_version=&#8221;4.27.4&#8243; _module_preset=&#8221;default&#8221; max_width=&#8221;2000px&#8221; custom_padding=&#8221;|50px||50px|false|false&#8221; custom_padding_tablet=&#8221;|50px||50px|false|false&#8221; custom_padding_phone=&#8221;|0px||0px|false|false&#8221; global_colors_info=&#8221;{}&#8221; theme_builder_area=&#8221;post_content&#8221;][et_pb_column type=&#8221;2_5&#8243; _builder_version=&#8221;4.27.4&#8243; _module_preset=&#8221;default&#8221; global_colors_info=&#8221;{}&#8221; theme_builder_area=&#8221;post_content&#8221;][et_pb_text admin_label=&#8221;pys\u00e4kkitiedot -title&#8221; _builder_version=&#8221;4.27.4&#8243; _module_preset=&#8221;default&#8221; link_font=&#8221;|300|||||||&#8221; link_text_color=&#8221;#FFFFFF&#8221; custom_margin_tablet=&#8221;&#8221; custom_margin_phone=&#8221;|0px||0px|false|false&#8221; custom_margin_last_edited=&#8221;on|phone&#8221; custom_padding_tablet=&#8221;&#8221; custom_padding_phone=&#8221;|0px||0px|false|false&#8221; custom_padding_last_edited=&#8221;on|phone&#8221; global_colors_info=&#8221;{}&#8221; theme_builder_area=&#8221;post_content&#8221;]<\/p>\n<h3>Next departures<\/h3>\n<p>[\/et_pb_text][et_pb_text admin_label=&#8221;pys\u00e4kkitiedot -iframe&#8221; _builder_version=&#8221;4.27.4&#8243; _module_preset=&#8221;default&#8221; global_colors_info=&#8221;{}&#8221; theme_builder_area=&#8221;post_content&#8221;]<iframe src=\"https:\/\/matkamonitori.digitransit.fi\/view?cont=PHHlBzEV-px6545Hjx0iNQ==\" class=\"pysakki-iframe\"><\/iframe>[\/et_pb_text][\/et_pb_column][et_pb_column type=&#8221;3_5&#8243; _builder_version=&#8221;4.27.4&#8243; _module_preset=&#8221;default&#8221; global_colors_info=&#8221;{}&#8221; theme_builder_area=&#8221;post_content&#8221;][et_pb_text admin_label=&#8221;lauttalive -title&#8221; _builder_version=&#8221;4.27.4&#8243; _module_preset=&#8221;default&#8221; link_font=&#8221;|300|||||||&#8221; link_text_color=&#8221;#FFFFFF&#8221; custom_padding=&#8221;0px|||||&#8221; global_colors_info=&#8221;{}&#8221; theme_builder_area=&#8221;post_content&#8221;]<\/p>\n<h3>Follow the Heponiemi-Ini\u00f6 ferry on the map<\/h3>\n<p>[\/et_pb_text][et_pb_code admin_label=&#8221;Lauttalive -iframe&#8221; _builder_version=&#8221;4.27.4&#8243; _module_preset=&#8221;default&#8221; width=&#8221;100%&#8221; global_colors_info=&#8221;{}&#8221; theme_builder_area=&#8221;post_content&#8221;]<iframe loading=\"lazy\" src=\"https:\/\/satamanaytot-237851288567.europe-north1.run.app\/heponiemi_view\" width=\"700\" height=\"700\" style=\"width: 100%; margin: 0 auto; border-radius: 50px;\"><!-- [et_pb_line_break_holder] --><\/iframe>[\/et_pb_code][\/et_pb_column][\/et_pb_row][et_pb_row column_structure=&#8221;1_3,2_3&#8243; make_equal=&#8221;on&#8221; custom_padding_last_edited=&#8221;on|phone&#8221; admin_label=&#8221;skaribot-row&#8221; module_id=&#8221;skaribot&#8221; _builder_version=&#8221;4.27.4&#8243; _module_preset=&#8221;default&#8221; background_enable_color=&#8221;off&#8221; max_width=&#8221;100%&#8221; custom_margin=&#8221;90px|0px|50px|0px|false|false&#8221; custom_padding=&#8221;0px|50px|0px|50px|false|false&#8221; custom_padding_tablet=&#8221;0px|50px|0px|50px|false|false&#8221; custom_padding_phone=&#8221;|0px||0px|false|false&#8221; global_colors_info=&#8221;{}&#8221; theme_builder_area=&#8221;post_content&#8221;][et_pb_column type=&#8221;1_3&#8243; _builder_version=&#8221;4.27.4&#8243; _module_preset=&#8221;default&#8221; global_colors_info=&#8221;{}&#8221; theme_builder_area=&#8221;post_content&#8221;][et_pb_image src=&#8221;https:\/\/www.skarilog.fi\/wp-content\/uploads\/2025\/02\/skaribot-ikoni.svg&#8221; title_text=&#8221;skaribot-ikoni&#8221; _builder_version=&#8221;4.27.4&#8243; _module_preset=&#8221;default&#8221; custom_margin=&#8221;||||false|false&#8221; global_colors_info=&#8221;{}&#8221; theme_builder_area=&#8221;post_content&#8221;][\/et_pb_image][\/et_pb_column][et_pb_column type=&#8221;2_3&#8243; _builder_version=&#8221;4.27.4&#8243; _module_preset=&#8221;default&#8221; global_colors_info=&#8221;{}&#8221; theme_builder_area=&#8221;post_content&#8221;][et_pb_text admin_label=&#8221;sk\u00e4ribot intro -text&#8221; _builder_version=&#8221;4.27.4&#8243; _module_preset=&#8221;default&#8221; header_font_size=&#8221;26px&#8221; header_3_font_size=&#8221;33px&#8221; header_3_line_height=&#8221;1.3em&#8221; global_colors_info=&#8221;{}&#8221; theme_builder_area=&#8221;post_content&#8221;]<\/p>\n<h3>The Sk\u00e4riBOT AI chat can help you with your <strong>traffic connections<\/strong>, <strong>events<\/strong> and <strong>services <\/strong>in the Kemi\u00f6nsaari, Parainen and archipelago areas.<\/h3>\n<p>[\/et_pb_text][et_pb_button button_text=&#8221;Tap the yellow bubble to the right to open Sk\u00e4riBOT&#8221; button_alignment_tablet=&#8221;&#8221; button_alignment_phone=&#8221;center&#8221; button_alignment_last_edited=&#8221;on|phone&#8221; _builder_version=&#8221;4.27.4&#8243; _module_preset=&#8221;default&#8221; button_text_size=&#8221;24px&#8221; button_text_color=&#8221;#FFEE48&#8243; button_border_width=&#8221;0px&#8221; button_border_radius=&#8221;0px&#8221; button_icon=&#8221;&#xf30b;||fa||900&#8243; button_icon_color=&#8221;#FFEE48&#8243; button_on_hover=&#8221;off&#8221; global_colors_info=&#8221;{}&#8221; theme_builder_area=&#8221;post_content&#8221;][\/et_pb_button][\/et_pb_column][\/et_pb_row][et_pb_row custom_padding_last_edited=&#8221;on|phone&#8221; admin_label=&#8221;tapahtumat row&#8221; module_id=&#8221;tapahtumat&#8221; _builder_version=&#8221;4.27.4&#8243; _module_preset=&#8221;default&#8221; max_width=&#8221;2000px&#8221; custom_padding=&#8221;|50px||50px|false|false&#8221; custom_padding_tablet=&#8221;&#8221; custom_padding_phone=&#8221;|0px||0px|false|false&#8221; global_colors_info=&#8221;{}&#8221; theme_builder_area=&#8221;post_content&#8221;][et_pb_column type=&#8221;4_4&#8243; _builder_version=&#8221;4.27.4&#8243; _module_preset=&#8221;default&#8221; global_colors_info=&#8221;{}&#8221; theme_builder_area=&#8221;post_content&#8221;][et_pb_text admin_label=&#8221;tapahtumat -title&#8221; _builder_version=&#8221;4.27.4&#8243; _module_preset=&#8221;default&#8221; link_font=&#8221;|300|||||||&#8221; link_text_color=&#8221;#FFFFFF&#8221; header_2_font_size=&#8221;16px&#8221; header_3_font_size_tablet=&#8221;&#8221; header_3_font_size_phone=&#8221;26px&#8221; header_3_font_size_last_edited=&#8221;on|phone&#8221; global_colors_info=&#8221;{}&#8221; theme_builder_area=&#8221;post_content&#8221;]<\/p>\n<h3 style=\"text-align: center;\">Upcoming events in Ini\u00f6 and Houtsk\u00e4r<\/h3>\n<p>[\/et_pb_text][et_pb_text admin_label=&#8221;tapahtumat -title&#8221; _builder_version=&#8221;4.27.4&#8243; _module_preset=&#8221;default&#8221; text_font_size=&#8221;23px&#8221; link_font=&#8221;|300|||||||&#8221; link_text_color=&#8221;#FFFFFF&#8221; header_2_font_size=&#8221;16px&#8221; header_3_font_size_tablet=&#8221;&#8221; header_3_font_size_phone=&#8221;26px&#8221; header_3_font_size_last_edited=&#8221;on|phone&#8221; global_colors_info=&#8221;{}&#8221; theme_builder_area=&#8221;post_content&#8221;]<\/p>\n<p style=\"text-align: center;\">For all events in the Parainen region, visit <span style=\"text-decoration: underline;\">tapahtumat.visitparainen.fi<\/span><\/p>\n<p>[\/et_pb_text][et_pb_text admin_label=&#8221;tapahtumawidget heponiemi -script&#8221; _builder_version=&#8221;4.27.4&#8243; _module_preset=&#8221;default&#8221; link_font=&#8221;||||on|||#5FA6E3|&#8221; link_text_color=&#8221;#00274D&#8221; global_colors_info=&#8221;{}&#8221; theme_builder_area=&#8221;post_content&#8221;]<script type=\"text\/javascript\" src=\"https:\/\/tapahtumat.visitparainen.fi\/widget-loader\/684d30be99e5831755b6bb89\"><\/script><\/p>\n<div id=\"EVENTZWIDGET-684d30be99e5831755b6bb89\" class=\"EVENTZWIDGET\"><\/div>\n<p>[\/et_pb_text][\/et_pb_column][\/et_pb_row][et_pb_row custom_padding_last_edited=&#8221;on|phone&#8221; admin_label=&#8221;arcgate -row&#8221; module_id=&#8221;kunnan-kartta&#8221; _builder_version=&#8221;4.27.4&#8243; _module_preset=&#8221;default&#8221; max_width=&#8221;2000px&#8221; custom_margin=&#8221;0px|0px|0px|0px|false|false&#8221; custom_padding=&#8221;0px|20px|0px|20px|false|false&#8221; custom_padding_tablet=&#8221;0px|20px|0px|20px|false|false&#8221; custom_padding_phone=&#8221;|0px||0px|false|false&#8221; global_colors_info=&#8221;{}&#8221; theme_builder_area=&#8221;post_content&#8221;][et_pb_column type=&#8221;4_4&#8243; _builder_version=&#8221;4.27.4&#8243; _module_preset=&#8221;default&#8221; global_colors_info=&#8221;{}&#8221; theme_builder_area=&#8221;post_content&#8221;][et_pb_text admin_label=&#8221;akt-title&#8221; _builder_version=&#8221;4.27.4&#8243; _module_preset=&#8221;default&#8221; link_font=&#8221;|300|||||||&#8221; link_text_color=&#8221;#FFFFFF&#8221; header_3_text_align=&#8221;center&#8221; header_3_font_size=&#8221;40px&#8221; global_colors_info=&#8221;{}&#8221; theme_builder_area=&#8221;post_content&#8221;]<\/p>\n<h3 style=\"text-align: center;\">Services, sights and activites in the Parainen area<\/h3>\n<p>[\/et_pb_text][et_pb_text _builder_version=&#8221;4.27.4&#8243; _module_preset=&#8221;default&#8221; custom_margin=&#8221;|20px||20px|false|false&#8221; global_colors_info=&#8221;{}&#8221; theme_builder_area=&#8221;post_content&#8221;]<\/p>\n<p><iframe src=\"https:\/\/arcgate.visitparainen.fi\/map\/?skarilog=1%20\" style=\"width: 100%; height: 900px;\"><\/iframe><\/p>\n<p>[\/et_pb_text][\/et_pb_column][\/et_pb_row][\/et_pb_section]<\/p>\n","protected":false},"excerpt":{"rendered":"<p>Next departuresFollow the Heponiemi-Ini\u00f6 ferry on the mapThe Sk\u00e4riBOT AI chat can help you with your traffic connections, events and services in the Kemi\u00f6nsaari, Parainen and archipelago areas.Upcoming events in Ini\u00f6 and Houtsk\u00e4rFor all events in the Parainen region, visit tapahtumat.visitparainen.fiServices, sights and activites in the Parainen area<\/p>\n","protected":false},"author":2,"featured_media":0,"parent":1289,"menu_order":0,"comment_status":"closed","ping_status":"closed","template":"","meta":{"_et_pb_use_builder":"on","_et_pb_old_content":"","_et_gb_content_width":"","inline_featured_image":false,"_uag_custom_page_level_css":"","footnotes":""},"class_list":["post-1545","page","type-page","status-publish","hentry"],"yoast_head":"<!-- This site is optimized with the Yoast SEO plugin v26.2 - https:\/\/yoast.com\/wordpress\/plugins\/seo\/ -->\n<title>Welcome to Heponiemi! - sk\u00e4riLOG<\/title>\n<meta name=\"robots\" content=\"noindex, follow\" \/>\n<meta property=\"og:locale\" content=\"en_US\" \/>\n<meta property=\"og:type\" content=\"article\" \/>\n<meta property=\"og:title\" content=\"Welcome to Heponiemi! - sk\u00e4riLOG\" \/>\n<meta property=\"og:description\" content=\"Next departuresFollow the Heponiemi-Ini\u00f6 ferry on the mapThe Sk\u00e4riBOT AI chat can help you with your traffic connections, events and services in the Kemi\u00f6nsaari, Parainen and archipelago areas.Upcoming events in Ini\u00f6 and Houtsk\u00e4rFor all events in the Parainen region, visit tapahtumat.visitparainen.fiServices, sights and activites in the Parainen area\" \/>\n<meta property=\"og:url\" content=\"https:\/\/www.skarilog.fi\/en\/harbour-displays\/welcome-to-nauvo-harbour-5\/\" \/>\n<meta property=\"og:site_name\" content=\"sk\u00e4riLOG\" \/>\n<meta property=\"article:modified_time\" content=\"2025-06-19T10:09:24+00:00\" \/>\n<meta name=\"twitter:card\" content=\"summary_large_image\" \/>\n<meta name=\"twitter:label1\" content=\"Est. reading time\" \/>\n\t<meta name=\"twitter:data1\" content=\"5 minutes\" \/>\n<script type=\"application\/ld+json\" class=\"yoast-schema-graph\">{\"@context\":\"https:\/\/schema.org\",\"@graph\":[{\"@type\":\"WebPage\",\"@id\":\"https:\/\/www.skarilog.fi\/en\/harbour-displays\/welcome-to-nauvo-harbour-5\/\",\"url\":\"https:\/\/www.skarilog.fi\/en\/harbour-displays\/welcome-to-nauvo-harbour-5\/\",\"name\":\"Welcome to Heponiemi! - sk\u00e4riLOG\",\"isPartOf\":{\"@id\":\"https:\/\/www.skarilog.fi\/en\/#website\"},\"datePublished\":\"2025-06-14T08:21:55+00:00\",\"dateModified\":\"2025-06-19T10:09:24+00:00\",\"breadcrumb\":{\"@id\":\"https:\/\/www.skarilog.fi\/en\/harbour-displays\/welcome-to-nauvo-harbour-5\/#breadcrumb\"},\"inLanguage\":\"en-US\",\"potentialAction\":[{\"@type\":\"ReadAction\",\"target\":[\"https:\/\/www.skarilog.fi\/en\/harbour-displays\/welcome-to-nauvo-harbour-5\/\"]}]},{\"@type\":\"BreadcrumbList\",\"@id\":\"https:\/\/www.skarilog.fi\/en\/harbour-displays\/welcome-to-nauvo-harbour-5\/#breadcrumb\",\"itemListElement\":[{\"@type\":\"ListItem\",\"position\":1,\"name\":\"Home\",\"item\":\"https:\/\/www.skarilog.fi\/en\/\"},{\"@type\":\"ListItem\",\"position\":2,\"name\":\"Harbour displays\",\"item\":\"https:\/\/www.skarilog.fi\/en\/\"},{\"@type\":\"ListItem\",\"position\":3,\"name\":\"Welcome to Heponiemi!\"}]},{\"@type\":\"WebSite\",\"@id\":\"https:\/\/www.skarilog.fi\/en\/#website\",\"url\":\"https:\/\/www.skarilog.fi\/en\/\",\"name\":\"sk\u00e4riLOG\",\"description\":\"Kemi\u00f6nsaaren ja Paraisten liikkumisen hakemisto\",\"publisher\":{\"@id\":\"https:\/\/www.skarilog.fi\/en\/#organization\"},\"potentialAction\":[{\"@type\":\"SearchAction\",\"target\":{\"@type\":\"EntryPoint\",\"urlTemplate\":\"https:\/\/www.skarilog.fi\/en\/?s={search_term_string}\"},\"query-input\":{\"@type\":\"PropertyValueSpecification\",\"valueRequired\":true,\"valueName\":\"search_term_string\"}}],\"inLanguage\":\"en-US\"},{\"@type\":\"Organization\",\"@id\":\"https:\/\/www.skarilog.fi\/en\/#organization\",\"name\":\"sk\u00e4riLOG\",\"url\":\"https:\/\/www.skarilog.fi\/en\/\",\"logo\":{\"@type\":\"ImageObject\",\"inLanguage\":\"en-US\",\"@id\":\"https:\/\/www.skarilog.fi\/en\/#\/schema\/logo\/image\/\",\"url\":\"https:\/\/www.skarilog.fi\/wp-content\/uploads\/2025\/02\/skarilog-v1.png\",\"contentUrl\":\"https:\/\/www.skarilog.fi\/wp-content\/uploads\/2025\/02\/skarilog-v1.png\",\"width\":654,\"height\":156,\"caption\":\"sk\u00e4riLOG\"},\"image\":{\"@id\":\"https:\/\/www.skarilog.fi\/en\/#\/schema\/logo\/image\/\"}}]}<\/script>\n<!-- \/ Yoast SEO plugin. -->","yoast_head_json":{"title":"Welcome to Heponiemi! - sk\u00e4riLOG","robots":{"index":"noindex","follow":"follow"},"og_locale":"en_US","og_type":"article","og_title":"Welcome to Heponiemi! - sk\u00e4riLOG","og_description":"Next departuresFollow the Heponiemi-Ini\u00f6 ferry on the mapThe Sk\u00e4riBOT AI chat can help you with your traffic connections, events and services in the Kemi\u00f6nsaari, Parainen and archipelago areas.Upcoming events in Ini\u00f6 and Houtsk\u00e4rFor all events in the Parainen region, visit tapahtumat.visitparainen.fiServices, sights and activites in the Parainen area","og_url":"https:\/\/www.skarilog.fi\/en\/harbour-displays\/welcome-to-nauvo-harbour-5\/","og_site_name":"sk\u00e4riLOG","article_modified_time":"2025-06-19T10:09:24+00:00","twitter_card":"summary_large_image","twitter_misc":{"Est. reading time":"5 minutes"},"schema":{"@context":"https:\/\/schema.org","@graph":[{"@type":"WebPage","@id":"https:\/\/www.skarilog.fi\/en\/harbour-displays\/welcome-to-nauvo-harbour-5\/","url":"https:\/\/www.skarilog.fi\/en\/harbour-displays\/welcome-to-nauvo-harbour-5\/","name":"Welcome to Heponiemi! - sk\u00e4riLOG","isPartOf":{"@id":"https:\/\/www.skarilog.fi\/en\/#website"},"datePublished":"2025-06-14T08:21:55+00:00","dateModified":"2025-06-19T10:09:24+00:00","breadcrumb":{"@id":"https:\/\/www.skarilog.fi\/en\/harbour-displays\/welcome-to-nauvo-harbour-5\/#breadcrumb"},"inLanguage":"en-US","potentialAction":[{"@type":"ReadAction","target":["https:\/\/www.skarilog.fi\/en\/harbour-displays\/welcome-to-nauvo-harbour-5\/"]}]},{"@type":"BreadcrumbList","@id":"https:\/\/www.skarilog.fi\/en\/harbour-displays\/welcome-to-nauvo-harbour-5\/#breadcrumb","itemListElement":[{"@type":"ListItem","position":1,"name":"Home","item":"https:\/\/www.skarilog.fi\/en\/"},{"@type":"ListItem","position":2,"name":"Harbour displays","item":"https:\/\/www.skarilog.fi\/en\/"},{"@type":"ListItem","position":3,"name":"Welcome to Heponiemi!"}]},{"@type":"WebSite","@id":"https:\/\/www.skarilog.fi\/en\/#website","url":"https:\/\/www.skarilog.fi\/en\/","name":"sk\u00e4riLOG","description":"Kemi\u00f6nsaaren ja Paraisten liikkumisen hakemisto","publisher":{"@id":"https:\/\/www.skarilog.fi\/en\/#organization"},"potentialAction":[{"@type":"SearchAction","target":{"@type":"EntryPoint","urlTemplate":"https:\/\/www.skarilog.fi\/en\/?s={search_term_string}"},"query-input":{"@type":"PropertyValueSpecification","valueRequired":true,"valueName":"search_term_string"}}],"inLanguage":"en-US"},{"@type":"Organization","@id":"https:\/\/www.skarilog.fi\/en\/#organization","name":"sk\u00e4riLOG","url":"https:\/\/www.skarilog.fi\/en\/","logo":{"@type":"ImageObject","inLanguage":"en-US","@id":"https:\/\/www.skarilog.fi\/en\/#\/schema\/logo\/image\/","url":"https:\/\/www.skarilog.fi\/wp-content\/uploads\/2025\/02\/skarilog-v1.png","contentUrl":"https:\/\/www.skarilog.fi\/wp-content\/uploads\/2025\/02\/skarilog-v1.png","width":654,"height":156,"caption":"sk\u00e4riLOG"},"image":{"@id":"https:\/\/www.skarilog.fi\/en\/#\/schema\/logo\/image\/"}}]}},"uagb_featured_image_src":{"full":false,"thumbnail":false,"medium":false,"medium_large":false,"large":false,"1536x1536":false,"2048x2048":false,"et-pb-post-main-image":false,"et-pb-post-main-image-fullwidth":false,"et-pb-portfolio-image":false,"et-pb-portfolio-module-image":false,"et-pb-portfolio-image-single":false,"et-pb-gallery-module-image-portrait":false,"et-pb-post-main-image-fullwidth-large":false,"et-pb-image--responsive--desktop":false,"et-pb-image--responsive--tablet":false,"et-pb-image--responsive--phone":false},"uagb_author_info":{"display_name":"Julius Uusikyl\u00e4","author_link":"https:\/\/www.skarilog.fi\/en\/author\/julius\/"},"uagb_comment_info":0,"uagb_excerpt":"Next departuresFollow the Heponiemi-Ini\u00f6 ferry on the mapThe Sk\u00e4riBOT AI chat can help you with your traffic connections, events and services in the Kemi\u00f6nsaari, Parainen and archipelago areas.Upcoming events in Ini\u00f6 and Houtsk\u00e4rFor all events in the Parainen region, visit tapahtumat.visitparainen.fiServices, sights and activites in the Parainen area","_links":{"self":[{"href":"https:\/\/www.skarilog.fi\/en\/wp-json\/wp\/v2\/pages\/1545","targetHints":{"allow":["GET"]}}],"collection":[{"href":"https:\/\/www.skarilog.fi\/en\/wp-json\/wp\/v2\/pages"}],"about":[{"href":"https:\/\/www.skarilog.fi\/en\/wp-json\/wp\/v2\/types\/page"}],"author":[{"embeddable":true,"href":"https:\/\/www.skarilog.fi\/en\/wp-json\/wp\/v2\/users\/2"}],"replies":[{"embeddable":true,"href":"https:\/\/www.skarilog.fi\/en\/wp-json\/wp\/v2\/comments?post=1545"}],"version-history":[{"count":12,"href":"https:\/\/www.skarilog.fi\/en\/wp-json\/wp\/v2\/pages\/1545\/revisions"}],"predecessor-version":[{"id":1684,"href":"https:\/\/www.skarilog.fi\/en\/wp-json\/wp\/v2\/pages\/1545\/revisions\/1684"}],"up":[{"embeddable":true,"href":"https:\/\/www.skarilog.fi\/en\/wp-json\/wp\/v2\/pages\/1289"}],"wp:attachment":[{"href":"https:\/\/www.skarilog.fi\/en\/wp-json\/wp\/v2\/media?parent=1545"}],"curies":[{"name":"wp","href":"https:\/\/api.w.org\/{rel}","templated":true}]}}