{"id":1286,"date":"2025-02-18T08:56:12","date_gmt":"2025-02-18T06:56:12","guid":{"rendered":"https:\/\/www.skarilog.fi\/skarmar-i-hamnarna\/"},"modified":"2025-06-12T08:20:55","modified_gmt":"2025-06-12T06:20:55","slug":"skarmar-i-hamnarna","status":"publish","type":"page","link":"https:\/\/www.skarilog.fi\/sv\/","title":{"rendered":"Sk\u00e4rmar i hamnarna"},"content":{"rendered":"<p>[et_pb_section fb_built=&#8221;1&#8243; theme_builder_area=&#8221;post_content&#8221; _builder_version=&#8221;4.27.4&#8243; _module_preset=&#8221;default&#8221;][et_pb_row _builder_version=&#8221;4.27.4&#8243; _module_preset=&#8221;default&#8221; theme_builder_area=&#8221;post_content&#8221;][et_pb_column _builder_version=&#8221;4.27.4&#8243; _module_preset=&#8221;default&#8221; type=&#8221;4_4&#8243; theme_builder_area=&#8221;post_content&#8221;][et_pb_text _builder_version=&#8221;4.27.4&#8243; _module_preset=&#8221;default&#8221; theme_builder_area=&#8221;post_content&#8221; hover_enabled=&#8221;0&#8243; sticky_enabled=&#8221;0&#8243; header_2_font_size=&#8221;40px&#8221;]<\/p>\n<h2 style=\"text-align: center;\">Kemi\u00f6nsaari &#8211; Kimito\u00f6n<\/h2>\n<p>[\/et_pb_text][et_pb_button button_text=&#8221;Kasn\u00e4s&#8221; _builder_version=&#8221;4.27.4&#8243; _module_preset=&#8221;default&#8221; theme_builder_area=&#8221;post_content&#8221; button_text_color=&#8221;#FFFFFF&#8221; button_bg_color=&#8221;#00274D&#8221; button_bg_enable_color=&#8221;on&#8221; button_border_width=&#8221;0px&#8221; button_border_radius=&#8221;60px&#8221; button_text_size=&#8221;40px&#8221; hover_enabled=&#8221;0&#8243; sticky_enabled=&#8221;0&#8243; button_alignment=&#8221;center&#8221; button_url=&#8221;@ET-DC@eyJkeW5hbWljIjp0cnVlLCJjb250ZW50IjoicG9zdF9saW5rX3VybF9wYWdlIiwic2V0dGluZ3MiOnsicG9zdF9pZCI6IjYzMCIsImVuYWJsZV9odG1sIjoib2ZmIn19@&#8221; _dynamic_attributes=&#8221;button_url&#8221; custom_margin=&#8221;||||false|false&#8221; custom_padding=&#8221;||||false|false&#8221;][\/et_pb_button][et_pb_button button_text=&#8221;Taalintehdas &#8211; Dalsbruk&#8221; _builder_version=&#8221;4.27.4&#8243; _module_preset=&#8221;default&#8221; theme_builder_area=&#8221;post_content&#8221; button_text_color=&#8221;#FFFFFF&#8221; button_bg_color=&#8221;#00274D&#8221; button_bg_enable_color=&#8221;on&#8221; button_border_width=&#8221;0px&#8221; button_border_radius=&#8221;60px&#8221; button_text_size=&#8221;40px&#8221; hover_enabled=&#8221;0&#8243; sticky_enabled=&#8221;0&#8243; button_alignment=&#8221;center&#8221; button_url=&#8221;@ET-DC@eyJkeW5hbWljIjp0cnVlLCJjb250ZW50IjoicG9zdF9saW5rX3VybF9wYWdlIiwic2V0dGluZ3MiOnsicG9zdF9pZCI6IjI0MiIsImVuYWJsZV9odG1sIjoib2ZmIn19@&#8221; _dynamic_attributes=&#8221;button_url&#8221; custom_margin=&#8221;50px||50px||false|false&#8221;][\/et_pb_button][et_pb_text _builder_version=&#8221;4.27.4&#8243; _module_preset=&#8221;default&#8221; theme_builder_area=&#8221;post_content&#8221; hover_enabled=&#8221;0&#8243; sticky_enabled=&#8221;0&#8243; header_2_font_size=&#8221;40px&#8221;]<\/p>\n<h2 style=\"text-align: center;\">Pargas &#8211; Pargas<\/h2>\n<p>[\/et_pb_text][et_pb_button button_text=&#8221;Nauvo hamn &#8211; Nagu hamn &#8211; Nauvo hamn&#8221; _builder_version=&#8221;4.27.4&#8243; _module_preset=&#8221;default&#8221; theme_builder_area=&#8221;post_content&#8221; button_text_color=&#8221;#FFFFFF&#8221; button_bg_color=&#8221;#00274D&#8221; button_bg_enable_color=&#8221;on&#8221; button_border_width=&#8221;0px&#8221; button_border_radius=&#8221;100px&#8221; button_text_size=&#8221;40px&#8221; hover_enabled=&#8221;0&#8243; sticky_enabled=&#8221;0&#8243; button_alignment=&#8221;center&#8221; button_url=&#8221;@ET-DC@eyJkeW5hbWljIjp0cnVlLCJjb250ZW50IjoicG9zdF9saW5rX3VybF9wYWdlIiwic2V0dGluZ3MiOnsicG9zdF9pZCI6IjY1MyIsImVuYWJsZV9odG1sIjoib2ZmIn19@&#8221; _dynamic_attributes=&#8221;button_url&#8221; custom_margin=&#8221;0px||50px||false|false&#8221;][\/et_pb_button][et_pb_button button_text=&#8221;Galtby&#8221; _builder_version=&#8221;4.27.4&#8243; _module_preset=&#8221;default&#8221; theme_builder_area=&#8221;post_content&#8221; button_text_color=&#8221;#FFFFFF&#8221; button_bg_color=&#8221;#00274D&#8221; button_bg_enable_color=&#8221;on&#8221; button_border_width=&#8221;0px&#8221; button_border_radius=&#8221;60px&#8221; button_text_size=&#8221;40px&#8221; hover_enabled=&#8221;0&#8243; sticky_enabled=&#8221;0&#8243; button_alignment=&#8221;center&#8221; button_url=&#8221;@ET-DC@eyJkeW5hbWljIjp0cnVlLCJjb250ZW50IjoicG9zdF9saW5rX3VybF9wYWdlIiwic2V0dGluZ3MiOnsicG9zdF9pZCI6IjczNiIsImVuYWJsZV9odG1sIjoib2ZmIn19@&#8221; _dynamic_attributes=&#8221;button_url&#8221; custom_margin=&#8221;0px||50px||false|false&#8221;][\/et_pb_button][et_pb_button button_text=&#8221;P\u00e4rn\u00e4s&#8221; _builder_version=&#8221;4.27.4&#8243; _module_preset=&#8221;default&#8221; theme_builder_area=&#8221;post_content&#8221; button_text_color=&#8221;#FFFFFF&#8221; button_bg_color=&#8221;#00274D&#8221; button_bg_enable_color=&#8221;on&#8221; button_border_width=&#8221;0px&#8221; button_border_radius=&#8221;60px&#8221; button_text_size=&#8221;40px&#8221; hover_enabled=&#8221;0&#8243; sticky_enabled=&#8221;0&#8243; button_alignment=&#8221;center&#8221; button_url=&#8221;@ET-DC@eyJkeW5hbWljIjp0cnVlLCJjb250ZW50IjoicG9zdF9saW5rX3VybF9wYWdlIiwic2V0dGluZ3MiOnsicG9zdF9pZCI6IjczNiIsImVuYWJsZV9odG1sIjoib2ZmIn19@&#8221; _dynamic_attributes=&#8221;button_url&#8221; custom_margin=&#8221;0px||50px||false|false&#8221;][\/et_pb_button][et_pb_button button_text=&#8221;Heponiemi&#8221; _builder_version=&#8221;4.27.4&#8243; _module_preset=&#8221;default&#8221; theme_builder_area=&#8221;post_content&#8221; button_text_color=&#8221;#FFFFFF&#8221; button_bg_color=&#8221;#00274D&#8221; button_bg_enable_color=&#8221;on&#8221; button_border_width=&#8221;0px&#8221; button_border_radius=&#8221;60px&#8221; button_text_size=&#8221;40px&#8221; hover_enabled=&#8221;0&#8243; sticky_enabled=&#8221;0&#8243; button_alignment=&#8221;center&#8221; button_url=&#8221;@ET-DC@eyJkeW5hbWljIjp0cnVlLCJjb250ZW50IjoicG9zdF9saW5rX3VybF9wYWdlIiwic2V0dGluZ3MiOnsicG9zdF9pZCI6IjczNiIsImVuYWJsZV9odG1sIjoib2ZmIn19@&#8221; _dynamic_attributes=&#8221;button_url&#8221; custom_margin=&#8221;0px||50px||false|false&#8221;][\/et_pb_button][\/et_pb_column][\/et_pb_row][\/et_pb_section]<\/p>\n","protected":false},"excerpt":{"rendered":"<p>Kemi\u00f6nsaari &#8211; Kimito\u00f6nPargas &#8211; Pargas<\/p>\n","protected":false},"author":2,"featured_media":0,"parent":0,"menu_order":0,"comment_status":"closed","ping_status":"closed","template":"","meta":{"_et_pb_use_builder":"on","_et_pb_old_content":"","_et_gb_content_width":"","inline_featured_image":false,"_uag_custom_page_level_css":"","footnotes":""},"class_list":["post-1286","page","type-page","status-publish","hentry"],"yoast_head":"<!-- This site is optimized with the Yoast SEO plugin v26.2 - https:\/\/yoast.com\/wordpress\/plugins\/seo\/ -->\n<title>Sk\u00e4rmar i hamnarna - sk\u00e4riLOG<\/title>\n<meta name=\"robots\" content=\"noindex, nofollow\" \/>\n<meta property=\"og:locale\" content=\"sv_SE\" \/>\n<meta property=\"og:type\" content=\"article\" \/>\n<meta property=\"og:title\" content=\"Sk\u00e4rmar i hamnarna - sk\u00e4riLOG\" \/>\n<meta property=\"og:description\" content=\"Kemi\u00f6nsaari - Kimito\u00f6nPargas - Pargas\" \/>\n<meta property=\"og:url\" content=\"https:\/\/www.skarilog.fi\/sv\/\" \/>\n<meta property=\"og:site_name\" content=\"sk\u00e4riLOG\" \/>\n<meta property=\"article:modified_time\" content=\"2025-06-12T06:20:55+00:00\" \/>\n<meta name=\"twitter:card\" content=\"summary_large_image\" \/>\n<meta name=\"twitter:label1\" content=\"Ber\u00e4knad l\u00e4stid\" \/>\n\t<meta name=\"twitter:data1\" content=\"3 minuter\" \/>\n<script type=\"application\/ld+json\" class=\"yoast-schema-graph\">{\"@context\":\"https:\/\/schema.org\",\"@graph\":[{\"@type\":\"WebPage\",\"@id\":\"https:\/\/www.skarilog.fi\/sv\/\",\"url\":\"https:\/\/www.skarilog.fi\/sv\/\",\"name\":\"Sk\u00e4rmar i hamnarna - sk\u00e4riLOG\",\"isPartOf\":{\"@id\":\"https:\/\/www.skarilog.fi\/sv\/#website\"},\"datePublished\":\"2025-02-18T06:56:12+00:00\",\"dateModified\":\"2025-06-12T06:20:55+00:00\",\"breadcrumb\":{\"@id\":\"https:\/\/www.skarilog.fi\/sv\/#breadcrumb\"},\"inLanguage\":\"sv-SE\",\"potentialAction\":[{\"@type\":\"ReadAction\",\"target\":[\"https:\/\/www.skarilog.fi\/sv\/\"]}]},{\"@type\":\"BreadcrumbList\",\"@id\":\"https:\/\/www.skarilog.fi\/sv\/#breadcrumb\",\"itemListElement\":[{\"@type\":\"ListItem\",\"position\":1,\"name\":\"Home\",\"item\":\"https:\/\/www.skarilog.fi\/sv\/skarmar-i-hamnarna\/\"},{\"@type\":\"ListItem\",\"position\":2,\"name\":\"Sk\u00e4rmar i hamnarna\"}]},{\"@type\":\"WebSite\",\"@id\":\"https:\/\/www.skarilog.fi\/sv\/#website\",\"url\":\"https:\/\/www.skarilog.fi\/sv\/\",\"name\":\"sk\u00e4riLOG\",\"description\":\"Kemi\u00f6nsaaren ja Paraisten liikkumisen hakemisto\",\"publisher\":{\"@id\":\"https:\/\/www.skarilog.fi\/sv\/#organization\"},\"potentialAction\":[{\"@type\":\"SearchAction\",\"target\":{\"@type\":\"EntryPoint\",\"urlTemplate\":\"https:\/\/www.skarilog.fi\/sv\/?s={search_term_string}\"},\"query-input\":{\"@type\":\"PropertyValueSpecification\",\"valueRequired\":true,\"valueName\":\"search_term_string\"}}],\"inLanguage\":\"sv-SE\"},{\"@type\":\"Organization\",\"@id\":\"https:\/\/www.skarilog.fi\/sv\/#organization\",\"name\":\"sk\u00e4riLOG\",\"url\":\"https:\/\/www.skarilog.fi\/sv\/\",\"logo\":{\"@type\":\"ImageObject\",\"inLanguage\":\"sv-SE\",\"@id\":\"https:\/\/www.skarilog.fi\/sv\/#\/schema\/logo\/image\/\",\"url\":\"https:\/\/www.skarilog.fi\/wp-content\/uploads\/2025\/02\/skarilog-v1.png\",\"contentUrl\":\"https:\/\/www.skarilog.fi\/wp-content\/uploads\/2025\/02\/skarilog-v1.png\",\"width\":654,\"height\":156,\"caption\":\"sk\u00e4riLOG\"},\"image\":{\"@id\":\"https:\/\/www.skarilog.fi\/sv\/#\/schema\/logo\/image\/\"}}]}<\/script>\n<!-- \/ Yoast SEO plugin. -->","yoast_head_json":{"title":"Sk\u00e4rmar i hamnarna - sk\u00e4riLOG","robots":{"index":"noindex","follow":"nofollow"},"og_locale":"sv_SE","og_type":"article","og_title":"Sk\u00e4rmar i hamnarna - sk\u00e4riLOG","og_description":"Kemi\u00f6nsaari - Kimito\u00f6nPargas - Pargas","og_url":"https:\/\/www.skarilog.fi\/sv\/","og_site_name":"sk\u00e4riLOG","article_modified_time":"2025-06-12T06:20:55+00:00","twitter_card":"summary_large_image","twitter_misc":{"Ber\u00e4knad l\u00e4stid":"3 minuter"},"schema":{"@context":"https:\/\/schema.org","@graph":[{"@type":"WebPage","@id":"https:\/\/www.skarilog.fi\/sv\/","url":"https:\/\/www.skarilog.fi\/sv\/","name":"Sk\u00e4rmar i hamnarna - sk\u00e4riLOG","isPartOf":{"@id":"https:\/\/www.skarilog.fi\/sv\/#website"},"datePublished":"2025-02-18T06:56:12+00:00","dateModified":"2025-06-12T06:20:55+00:00","breadcrumb":{"@id":"https:\/\/www.skarilog.fi\/sv\/#breadcrumb"},"inLanguage":"sv-SE","potentialAction":[{"@type":"ReadAction","target":["https:\/\/www.skarilog.fi\/sv\/"]}]},{"@type":"BreadcrumbList","@id":"https:\/\/www.skarilog.fi\/sv\/#breadcrumb","itemListElement":[{"@type":"ListItem","position":1,"name":"Home","item":"https:\/\/www.skarilog.fi\/sv\/skarmar-i-hamnarna\/"},{"@type":"ListItem","position":2,"name":"Sk\u00e4rmar i hamnarna"}]},{"@type":"WebSite","@id":"https:\/\/www.skarilog.fi\/sv\/#website","url":"https:\/\/www.skarilog.fi\/sv\/","name":"sk\u00e4riLOG","description":"Kemi\u00f6nsaaren ja Paraisten liikkumisen hakemisto","publisher":{"@id":"https:\/\/www.skarilog.fi\/sv\/#organization"},"potentialAction":[{"@type":"SearchAction","target":{"@type":"EntryPoint","urlTemplate":"https:\/\/www.skarilog.fi\/sv\/?s={search_term_string}"},"query-input":{"@type":"PropertyValueSpecification","valueRequired":true,"valueName":"search_term_string"}}],"inLanguage":"sv-SE"},{"@type":"Organization","@id":"https:\/\/www.skarilog.fi\/sv\/#organization","name":"sk\u00e4riLOG","url":"https:\/\/www.skarilog.fi\/sv\/","logo":{"@type":"ImageObject","inLanguage":"sv-SE","@id":"https:\/\/www.skarilog.fi\/sv\/#\/schema\/logo\/image\/","url":"https:\/\/www.skarilog.fi\/wp-content\/uploads\/2025\/02\/skarilog-v1.png","contentUrl":"https:\/\/www.skarilog.fi\/wp-content\/uploads\/2025\/02\/skarilog-v1.png","width":654,"height":156,"caption":"sk\u00e4riLOG"},"image":{"@id":"https:\/\/www.skarilog.fi\/sv\/#\/schema\/logo\/image\/"}}]}},"uagb_featured_image_src":{"full":false,"thumbnail":false,"medium":false,"medium_large":false,"large":false,"1536x1536":false,"2048x2048":false,"et-pb-post-main-image":false,"et-pb-post-main-image-fullwidth":false,"et-pb-portfolio-image":false,"et-pb-portfolio-module-image":false,"et-pb-portfolio-image-single":false,"et-pb-gallery-module-image-portrait":false,"et-pb-post-main-image-fullwidth-large":false,"et-pb-image--responsive--desktop":false,"et-pb-image--responsive--tablet":false,"et-pb-image--responsive--phone":false},"uagb_author_info":{"display_name":"Julius Uusikyl\u00e4","author_link":"https:\/\/www.skarilog.fi\/sv\/author\/julius\/"},"uagb_comment_info":0,"uagb_excerpt":"Kemi\u00f6nsaari - Kimito\u00f6nPargas - Pargas","_links":{"self":[{"href":"https:\/\/www.skarilog.fi\/sv\/wp-json\/wp\/v2\/pages\/1286","targetHints":{"allow":["GET"]}}],"collection":[{"href":"https:\/\/www.skarilog.fi\/sv\/wp-json\/wp\/v2\/pages"}],"about":[{"href":"https:\/\/www.skarilog.fi\/sv\/wp-json\/wp\/v2\/types\/page"}],"author":[{"embeddable":true,"href":"https:\/\/www.skarilog.fi\/sv\/wp-json\/wp\/v2\/users\/2"}],"replies":[{"embeddable":true,"href":"https:\/\/www.skarilog.fi\/sv\/wp-json\/wp\/v2\/comments?post=1286"}],"version-history":[{"count":2,"href":"https:\/\/www.skarilog.fi\/sv\/wp-json\/wp\/v2\/pages\/1286\/revisions"}],"predecessor-version":[{"id":1288,"href":"https:\/\/www.skarilog.fi\/sv\/wp-json\/wp\/v2\/pages\/1286\/revisions\/1288"}],"wp:attachment":[{"href":"https:\/\/www.skarilog.fi\/sv\/wp-json\/wp\/v2\/media?parent=1286"}],"curies":[{"name":"wp","href":"https:\/\/api.w.org\/{rel}","templated":true}]}}